{"id":19,"date":"2007-09-28T10:58:36","date_gmt":"2007-09-28T08:58:36","guid":{"rendered":"http:\/\/www.rsom.wak.th.schule.de\/wordpress\/?page_id=19"},"modified":"2020-11-03T11:23:45","modified_gmt":"2020-11-03T10:23:45","slug":"home","status":"publish","type":"page","link":"http:\/\/schlossparkschule-marksuhl.de\/?page_id=19","title":{"rendered":"Home"},"content":{"rendered":"<p><strong>Willkommen auf den Seiten der Schlossparkschule in Marksuhl<\/strong><\/p>\n<p><img loading=\"lazy\" decoding=\"async\" style=\"border-width: 0px;\" src=\"http:\/\/www.schlossparkschule-marksuhl.de\/wp-content\/cimg1088.jpg\" alt=\"CIMG1088\" width=\"620\" height=\"475\" border=\"0\" \/><\/p>\n<p align=\"justify\">Unsere Schule &#8230;<\/p>\n<p align=\"justify\">existiert bereits seit 1991 als Regelschule in der Region. Am Schulstandort Marksuhl lernen die Regelsch\u00fcler mit Beginn des Schuljahres 2006\/07.<\/p>\n<p align=\"justify\">Aus 11 Wohnorten des Umkreises werden zur Zeit etwa 160 Sch\u00fcler in 7 Klassen unterrichtet.<\/p>\n<p align=\"justify\">Sie haben das Ziel ihre Schulzeit nach 9 Schulbesuchsjahren mit dem Hauptschulabschluss\/ Qualifizierenden Hauptschulabschluss oder nach 10 Jahren mit dem Realschulabschluss erfolgreich zu beenden.<\/p>\n<p align=\"justify\">Die Unterrichtsr\u00e4ume sind hell und freundlich. Der Fachunterricht findet in modernen Fachkabinetten statt.<\/p>\n<p align=\"justify\">In den Klassenstufen 5 und 6 lernen die Sch\u00fcler im Klassenverband. Als zweite Fremdsprache wird im Schnupperkurs Russisch angeboten.<\/p>\n<p align=\"justify\">Ab Klassenstufe 7 setzt das Kurssystem in den F\u00e4chern Englisch und Mathematik ein. In Klassenstufe 9 wird dieses Kurssystem durch Deutsch und Physik erweitert und orientiert sich am pers\u00f6nlich angestrebten Schulabschluss.<\/p>\n<p align=\"justify\">Ebenfalls ab Klassenstufe 7 belegen die Sch\u00fcler im Wahlpflichtbereich Natur und Technik oder Darstellen und Gestalten sowie Wirtschaft.<\/p>\n<p align=\"justify\">Besonders gro\u00dfen Wert legen wir auf die Umwelt- und Gesundheitserziehung, aber auch sportliche Aktivit\u00e4ten bereichern den Schulalltag. Die gezielte Berufswahlvorbereitung beginnt in der Klassenstufe 7.<\/p>\n<p align=\"justify\">Das Schulgel\u00e4nde ist gro\u00dfz\u00fcgig und bietet gen\u00fcgend Raum f\u00fcr Aktivit\u00e4ten. Kleinsportanlage und Turnhalle gliedern sich ebenso wie unser \u201eSchulgarten\u201c in das Gesamtensemble unserer Schule ein.<\/p>\n","protected":false},"excerpt":{"rendered":"<p>Willkommen auf den Seiten der Schlossparkschule in Marksuhl Unsere Schule &#8230; existiert bereits seit 1991 als Regelschule in der Region. Am Schulstandort Marksuhl lernen die Regelsch\u00fcler mit Beginn des Schuljahres 2006\/07. Aus 11 Wohnorten des Umkreises werden zur Zeit etwa &hellip; <a class=\"kt-excerpt-readmore more-link\" href=\"http:\/\/schlossparkschule-marksuhl.de\/?page_id=19\">Read More<\/a><\/p>\n","protected":false},"author":1,"featured_media":0,"parent":0,"menu_order":1,"comment_status":"closed","ping_status":"closed","template":"","meta":{"footnotes":""},"class_list":["post-19","page","type-page","status-publish","hentry"],"jetpack_sharing_enabled":true,"_links":{"self":[{"href":"http:\/\/schlossparkschule-marksuhl.de\/index.php?rest_route=\/wp\/v2\/pages\/19","targetHints":{"allow":["GET"]}}],"collection":[{"href":"http:\/\/schlossparkschule-marksuhl.de\/index.php?rest_route=\/wp\/v2\/pages"}],"about":[{"href":"http:\/\/schlossparkschule-marksuhl.de\/index.php?rest_route=\/wp\/v2\/types\/page"}],"author":[{"embeddable":true,"href":"http:\/\/schlossparkschule-marksuhl.de\/index.php?rest_route=\/wp\/v2\/users\/1"}],"replies":[{"embeddable":true,"href":"http:\/\/schlossparkschule-marksuhl.de\/index.php?rest_route=%2Fwp%2Fv2%2Fcomments&post=19"}],"version-history":[{"count":2,"href":"http:\/\/schlossparkschule-marksuhl.de\/index.php?rest_route=\/wp\/v2\/pages\/19\/revisions"}],"predecessor-version":[{"id":17904,"href":"http:\/\/schlossparkschule-marksuhl.de\/index.php?rest_route=\/wp\/v2\/pages\/19\/revisions\/17904"}],"wp:attachment":[{"href":"http:\/\/schlossparkschule-marksuhl.de\/index.php?rest_route=%2Fwp%2Fv2%2Fmedia&parent=19"}],"curies":[{"name":"wp","href":"https:\/\/api.w.org\/{rel}","templated":true}]}}